{"id":827,"date":"2025-09-30T08:35:47","date_gmt":"2025-09-30T13:35:47","guid":{"rendered":"https:\/\/madreselvaecolodge.com\/?page_id=827"},"modified":"2026-04-17T12:59:13","modified_gmt":"2026-04-17T17:59:13","slug":"restaurante","status":"publish","type":"page","link":"https:\/\/madreselvaecolodge.com\/en\/restaurante\/","title":{"rendered":"RESTAURANTE"},"content":{"rendered":"<div data-elementor-type=\"wp-page\" data-elementor-id=\"827\" class=\"elementor elementor-827\" data-elementor-post-type=\"page\">\n\t\t\t\t<div class=\"elementor-element elementor-element-1036eed e-flex e-con-boxed e-con e-parent\" data-id=\"1036eed\" data-element_type=\"container\" data-e-type=\"container\" data-settings=\"{&quot;background_background&quot;:&quot;video&quot;,&quot;background_video_link&quot;:&quot;https:\\\/\\\/madreselvaecolodge.com\\\/wp-content\\\/uploads\\\/2025\\\/10\\\/IMG_6859.mp4&quot;,&quot;background_play_on_mobile&quot;:&quot;yes&quot;}\">\n\t\t\t\t\t<div class=\"e-con-inner\">\n\t\t<div class=\"elementor-background-video-container\">\n\t\t\t\t\t\t\t<video class=\"elementor-background-video-hosted\" role=\"presentation\" autoplay muted playsinline loop><\/video>\n\t\t\t\t\t<\/div>\t\t<div class=\"elementor-element elementor-element-db1c295 elementor-widget elementor-widget-spacer\" data-id=\"db1c295\" data-element_type=\"widget\" data-e-type=\"widget\" data-widget_type=\"spacer.default\">\n\t\t\t\t<div class=\"elementor-widget-container\">\n\t\t\t\t\t\t\t<div class=\"elementor-spacer\">\n\t\t\t<div class=\"elementor-spacer-inner\"><\/div>\n\t\t<\/div>\n\t\t\t\t\t\t<\/div>\n\t\t\t\t<\/div>\n\t\t\t\t<div class=\"elementor-element elementor-element-75ce890 elementor-widget elementor-widget-heading\" data-id=\"75ce890\" data-element_type=\"widget\" data-e-type=\"widget\" data-widget_type=\"heading.default\">\n\t\t\t\t<div class=\"elementor-widget-container\">\n\t\t\t\t\t<h1 class=\"elementor-heading-title elementor-size-default\">Sabores del Pac\u00edfico Colombiano<\/h1>\t\t\t\t<\/div>\n\t\t\t\t<\/div>\n\t\t\t\t<div class=\"elementor-element elementor-element-7974eef elementor-widget-divider--view-line elementor-widget elementor-widget-divider\" data-id=\"7974eef\" data-element_type=\"widget\" data-e-type=\"widget\" data-widget_type=\"divider.default\">\n\t\t\t\t<div class=\"elementor-widget-container\">\n\t\t\t\t\t\t\t<div class=\"elementor-divider\">\n\t\t\t<span class=\"elementor-divider-separator\">\n\t\t\t\t\t\t<\/span>\n\t\t<\/div>\n\t\t\t\t\t\t<\/div>\n\t\t\t\t<\/div>\n\t\t\t\t\t<\/div>\n\t\t\t\t<\/div>\n\t\t<div class=\"elementor-element elementor-element-19ca353 e-flex e-con-boxed e-con e-parent\" data-id=\"19ca353\" data-element_type=\"container\" data-e-type=\"container\">\n\t\t\t\t\t<div class=\"e-con-inner\">\n\t\t<div class=\"elementor-element elementor-element-c86dad6 e-con-full e-flex e-con e-child\" data-id=\"c86dad6\" data-element_type=\"container\" data-e-type=\"container\">\n\t\t\t\t<div class=\"elementor-element elementor-element-60e7e12 elementor-widget elementor-widget-text-editor\" data-id=\"60e7e12\" data-element_type=\"widget\" data-e-type=\"widget\" data-widget_type=\"text-editor.default\">\n\t\t\t\t<div class=\"elementor-widget-container\">\n\t\t\t\t\t\t\t\t\t<p>En Madre Selva Eco Lodge creemos que la gastronom\u00eda es una forma de conectar con la esencia del Pac\u00edfico colombiano. Nuestra cocina refleja el respeto por la naturaleza, el valor de los ingredientes locales y la riqueza cultural del Choc\u00f3.<\/p><p>Cada plato cuenta una historia del territorio. Trabajamos con productos frescos de la regi\u00f3n, preparados con dedicaci\u00f3n y con el conocimiento ancestral de cocineras locales que mantienen viva la tradici\u00f3n gastron\u00f3mica del Pac\u00edfico.<\/p><p>Nuestra propuesta se inspira en una cocina consciente, natural y local. Seguimos el concepto Km 0, utilizando ingredientes cultivados en la finca Madre Selva y productos de peque\u00f1os agricultores de la comunidad de Termales.<\/p><p>Tambi\u00e9n colaboramos con pescadores locales, comprando directamente de ellos el pescado fresco del d\u00eda y apoyando as\u00ed la econom\u00eda de la comunidad costera.<\/p><p>Cada plato que servimos est\u00e1 preparado con ingredientes naturales, sin qu\u00edmicos ni productos procesados, conectando directamente el campo y el mar con tu mesa.<\/p><p>Al elegir comer en Madre Selva, apoyas un modelo sostenible que protege la selva, el mar y la cultura del Pac\u00edfico colombiano.<\/p>\t\t\t\t\t\t\t\t<\/div>\n\t\t\t\t<\/div>\n\t\t\t\t<div class=\"elementor-element elementor-element-4f9636d elementor-widget-divider--view-line elementor-widget elementor-widget-divider\" data-id=\"4f9636d\" data-element_type=\"widget\" data-e-type=\"widget\" data-widget_type=\"divider.default\">\n\t\t\t\t<div class=\"elementor-widget-container\">\n\t\t\t\t\t\t\t<div class=\"elementor-divider\">\n\t\t\t<span class=\"elementor-divider-separator\">\n\t\t\t\t\t\t<\/span>\n\t\t<\/div>\n\t\t\t\t\t\t<\/div>\n\t\t\t\t<\/div>\n\t\t\t\t<div class=\"elementor-element elementor-element-c92d3e2 elementor-widget elementor-widget-heading\" data-id=\"c92d3e2\" data-element_type=\"widget\" data-e-type=\"widget\" data-widget_type=\"heading.default\">\n\t\t\t\t<div class=\"elementor-widget-container\">\n\t\t\t\t\t<h2 class=\"elementor-heading-title elementor-size-default\">Restaurante Madre Selva<\/h2>\t\t\t\t<\/div>\n\t\t\t\t<\/div>\n\t\t\t\t<div class=\"elementor-element elementor-element-c8440e6 elementor-widget elementor-widget-text-editor\" data-id=\"c8440e6\" data-element_type=\"widget\" data-e-type=\"widget\" data-widget_type=\"text-editor.default\">\n\t\t\t\t<div class=\"elementor-widget-container\">\n\t\t\t\t\t\t\t\t\t<p data-start=\"1780\" data-end=\"2073\">En nuestro restaurante frente al mar ofrecemos plato del d\u00eda, por lo que no contamos con un men\u00fa fijo.<br \/>Preparamos platos con pescado fresco de la zona.<br \/>En nuestro restaurante no servimos pollo, cerdo ni res.<br \/>Nuestra cocina est\u00e1 inspirada en la tradici\u00f3n gastron\u00f3mica del Pac\u00edfico, con ingredientes locales y recetas preparadas con el sabor y la experiencia de cocineras de la regi\u00f3n.<\/p>\t\t\t\t\t\t\t\t<\/div>\n\t\t\t\t<\/div>\n\t\t\t\t<\/div>\n\t\t<div class=\"elementor-element elementor-element-fea9cc5 e-con-full e-flex e-con e-child\" data-id=\"fea9cc5\" data-element_type=\"container\" data-e-type=\"container\" data-settings=\"{&quot;background_background&quot;:&quot;classic&quot;}\">\n\t\t\t\t<div class=\"elementor-element elementor-element-5bd53d3 elementor-hidden-desktop elementor-hidden-tablet elementor-widget elementor-widget-spacer\" data-id=\"5bd53d3\" data-element_type=\"widget\" data-e-type=\"widget\" data-widget_type=\"spacer.default\">\n\t\t\t\t<div class=\"elementor-widget-container\">\n\t\t\t\t\t\t\t<div class=\"elementor-spacer\">\n\t\t\t<div class=\"elementor-spacer-inner\"><\/div>\n\t\t<\/div>\n\t\t\t\t\t\t<\/div>\n\t\t\t\t<\/div>\n\t\t\t\t<\/div>\n\t\t\t\t\t<\/div>\n\t\t\t\t<\/div>\n\t\t<div class=\"elementor-element elementor-element-3ed0878 e-flex e-con-boxed e-con e-parent\" data-id=\"3ed0878\" data-element_type=\"container\" data-e-type=\"container\">\n\t\t\t\t\t<div class=\"e-con-inner\">\n\t\t<div class=\"elementor-element elementor-element-c4f54ce e-con-full e-flex e-con e-child\" data-id=\"c4f54ce\" data-element_type=\"container\" data-e-type=\"container\">\n\t\t\t\t<div class=\"elementor-element elementor-element-44bba40 elementor-widget__width-initial elementor-widget elementor-widget-heading\" data-id=\"44bba40\" data-element_type=\"widget\" data-e-type=\"widget\" data-widget_type=\"heading.default\">\n\t\t\t\t<div class=\"elementor-widget-container\">\n\t\t\t\t\t<h1 class=\"elementor-heading-title elementor-size-default\">No te preocupes si tienes alguna restricci\u00f3n alimenticia, nosotros nos adaptamos. En  nuestro men\u00fa ofrecemos opciones vegetarianas, veganas y libres de gluten.<\/h1>\t\t\t\t<\/div>\n\t\t\t\t<\/div>\n\t\t\t\t<\/div>\n\t\t<div class=\"elementor-element elementor-element-aa4d826 e-con-full e-flex e-con e-child\" data-id=\"aa4d826\" data-element_type=\"container\" data-e-type=\"container\">\n\t\t<div class=\"elementor-element elementor-element-ed081bf e-con-full e-flex e-con e-child\" data-id=\"ed081bf\" data-element_type=\"container\" data-e-type=\"container\" data-settings=\"{&quot;background_background&quot;:&quot;classic&quot;}\">\n\t\t\t\t<div class=\"elementor-element elementor-element-67328f3 elementor-widget__width-initial elementor-widget elementor-widget-image\" data-id=\"67328f3\" data-element_type=\"widget\" data-e-type=\"widget\" data-widget_type=\"image.default\">\n\t\t\t\t<div class=\"elementor-widget-container\">\n\t\t\t\t\t\t\t\t\t\t\t\t\t\t\t<img fetchpriority=\"high\" decoding=\"async\" width=\"800\" height=\"511\" src=\"https:\/\/madreselvaecolodge.com\/wp-content\/uploads\/2026\/02\/9f380c48-1024x654.jpg\" class=\"attachment-large size-large wp-image-1604\" alt=\"\" srcset=\"https:\/\/madreselvaecolodge.com\/wp-content\/uploads\/2026\/02\/9f380c48-1024x654.jpg 1024w, https:\/\/madreselvaecolodge.com\/wp-content\/uploads\/2026\/02\/9f380c48-300x192.jpg 300w, https:\/\/madreselvaecolodge.com\/wp-content\/uploads\/2026\/02\/9f380c48-768x490.jpg 768w, https:\/\/madreselvaecolodge.com\/wp-content\/uploads\/2026\/02\/9f380c48-18x12.jpg 18w, https:\/\/madreselvaecolodge.com\/wp-content\/uploads\/2026\/02\/9f380c48-460x295.jpg 460w, https:\/\/madreselvaecolodge.com\/wp-content\/uploads\/2026\/02\/9f380c48.jpg 1200w\" sizes=\"(max-width: 800px) 100vw, 800px\" \/>\t\t\t\t\t\t\t\t\t\t\t\t\t\t\t<\/div>\n\t\t\t\t<\/div>\n\t\t\t\t<div class=\"elementor-element elementor-element-b0c8ef5 elementor-widget__width-initial elementor-widget elementor-widget-text-editor\" data-id=\"b0c8ef5\" data-element_type=\"widget\" data-e-type=\"widget\" data-widget_type=\"text-editor.default\">\n\t\t\t\t<div class=\"elementor-widget-container\">\n\t\t\t\t\t\t\t\t\t<p data-start=\"352\" data-end=\"702\">Para garantizar la frescura de los ingredientes, los platos se preparan \u00fanicamente con<br \/>reservaci\u00f3n previa.<\/p><p data-start=\"352\" data-end=\"702\"><strong>Precios del restaurante<\/strong><br \/><strong>BREAKFAST<\/strong>: 35.000 COP<br \/><strong>Almuerzo:<\/strong> 55.000 COP<br \/><strong>Cena:<\/strong> 45.000 COP<\/p>\t\t\t\t\t\t\t\t<\/div>\n\t\t\t\t<\/div>\n\t\t\t\t<div class=\"elementor-element elementor-element-e8b088f elementor-align-left elementor-widget elementor-widget-button\" data-id=\"e8b088f\" data-element_type=\"widget\" data-e-type=\"widget\" data-widget_type=\"button.default\">\n\t\t\t\t<div class=\"elementor-widget-container\">\n\t\t\t\t\t\t\t\t\t<div class=\"elementor-button-wrapper\">\n\t\t\t\t\t<a class=\"elementor-button elementor-button-link elementor-size-sm elementor-animation-shrink\" href=\"https:\/\/wa.me\/573148869792\" target=\"_blank\">\n\t\t\t\t\t\t<span class=\"elementor-button-content-wrapper\">\n\t\t\t\t\t\t<span class=\"elementor-button-icon\">\n\t\t\t\t<svg aria-hidden=\"true\" class=\"e-font-icon-svg e-fas-caret-right\" viewbox=\"0 0 192 512\" xmlns=\"http:\/\/www.w3.org\/2000\/svg\"><path d=\"M0 384.662V127.338c0-17.818 21.543-26.741 34.142-14.142l128.662 128.662c7.81 7.81 7.81 20.474 0 28.284L34.142 398.804C21.543 411.404 0 402.48 0 384.662z\"><\/path><\/svg>\t\t\t<\/span>\n\t\t\t\t\t\t\t\t\t<span class=\"elementor-button-text\">BOOK NOW<\/span>\n\t\t\t\t\t<\/span>\n\t\t\t\t\t<\/a>\n\t\t\t\t<\/div>\n\t\t\t\t\t\t\t\t<\/div>\n\t\t\t\t<\/div>\n\t\t\t\t<\/div>\n\t\t<div class=\"elementor-element elementor-element-7065666 e-con-full e-flex e-con e-child\" data-id=\"7065666\" data-element_type=\"container\" data-e-type=\"container\" data-settings=\"{&quot;background_background&quot;:&quot;classic&quot;}\">\n\t\t\t\t<div class=\"elementor-element elementor-element-82c2320 elementor-widget__width-initial elementor-widget elementor-widget-image\" data-id=\"82c2320\" data-element_type=\"widget\" data-e-type=\"widget\" data-widget_type=\"image.default\">\n\t\t\t\t<div class=\"elementor-widget-container\">\n\t\t\t\t\t\t\t\t\t\t\t\t\t\t\t<img decoding=\"async\" width=\"800\" height=\"512\" src=\"https:\/\/madreselvaecolodge.com\/wp-content\/uploads\/2026\/02\/2dd63f87-1024x655.webp\" class=\"attachment-large size-large wp-image-1603\" alt=\"\" srcset=\"https:\/\/madreselvaecolodge.com\/wp-content\/uploads\/2026\/02\/2dd63f87-1024x655.webp 1024w, https:\/\/madreselvaecolodge.com\/wp-content\/uploads\/2026\/02\/2dd63f87-300x192.webp 300w, https:\/\/madreselvaecolodge.com\/wp-content\/uploads\/2026\/02\/2dd63f87-768x491.webp 768w, https:\/\/madreselvaecolodge.com\/wp-content\/uploads\/2026\/02\/2dd63f87-18x12.webp 18w, https:\/\/madreselvaecolodge.com\/wp-content\/uploads\/2026\/02\/2dd63f87-460x295.webp 460w, https:\/\/madreselvaecolodge.com\/wp-content\/uploads\/2026\/02\/2dd63f87.webp 1200w\" sizes=\"(max-width: 800px) 100vw, 800px\" \/>\t\t\t\t\t\t\t\t\t\t\t\t\t\t\t<\/div>\n\t\t\t\t<\/div>\n\t\t\t\t<div class=\"elementor-element elementor-element-7ac1551 elementor-widget elementor-widget-heading\" data-id=\"7ac1551\" data-element_type=\"widget\" data-e-type=\"widget\" data-widget_type=\"heading.default\">\n\t\t\t\t<div class=\"elementor-widget-container\">\n\t\t\t\t\t<h3 class=\"elementor-heading-title elementor-size-default\">Nuestra historia<\/h3>\t\t\t\t<\/div>\n\t\t\t\t<\/div>\n\t\t\t\t<div class=\"elementor-element elementor-element-b034208 elementor-widget__width-initial elementor-widget elementor-widget-text-editor\" data-id=\"b034208\" data-element_type=\"widget\" data-e-type=\"widget\" data-widget_type=\"text-editor.default\">\n\t\t\t\t<div class=\"elementor-widget-container\">\n\t\t\t\t\t\t\t\t\t<p data-start=\"352\" data-end=\"702\">Quieres descubrir los secretos de la cocina del Pac\u00edfico chocoano?<br \/>Participa en nuestro taller de cocina.<\/p>\t\t\t\t\t\t\t\t<\/div>\n\t\t\t\t<\/div>\n\t\t\t\t<div class=\"elementor-element elementor-element-7e5ad4a elementor-align-left elementor-widget elementor-widget-button\" data-id=\"7e5ad4a\" data-element_type=\"widget\" data-e-type=\"widget\" data-widget_type=\"button.default\">\n\t\t\t\t<div class=\"elementor-widget-container\">\n\t\t\t\t\t\t\t\t\t<div class=\"elementor-button-wrapper\">\n\t\t\t\t\t<a class=\"elementor-button elementor-button-link elementor-size-sm elementor-animation-shrink\" href=\"https:\/\/wa.me\/573148869792\" target=\"_blank\">\n\t\t\t\t\t\t<span class=\"elementor-button-content-wrapper\">\n\t\t\t\t\t\t<span class=\"elementor-button-icon\">\n\t\t\t\t<svg aria-hidden=\"true\" class=\"e-font-icon-svg e-fas-caret-right\" viewbox=\"0 0 192 512\" xmlns=\"http:\/\/www.w3.org\/2000\/svg\"><path d=\"M0 384.662V127.338c0-17.818 21.543-26.741 34.142-14.142l128.662 128.662c7.81 7.81 7.81 20.474 0 28.284L34.142 398.804C21.543 411.404 0 402.48 0 384.662z\"><\/path><\/svg>\t\t\t<\/span>\n\t\t\t\t\t\t\t\t\t<span class=\"elementor-button-text\">BOOK NOW<\/span>\n\t\t\t\t\t<\/span>\n\t\t\t\t\t<\/a>\n\t\t\t\t<\/div>\n\t\t\t\t\t\t\t\t<\/div>\n\t\t\t\t<\/div>\n\t\t\t\t<\/div>\n\t\t\t\t<\/div>\n\t\t\t\t\t<\/div>\n\t\t\t\t<\/div>\n\t\t<div class=\"elementor-element elementor-element-cc23d0f e-con-full e-flex e-con e-parent\" data-id=\"cc23d0f\" data-element_type=\"container\" data-e-type=\"container\" data-settings=\"{&quot;background_background&quot;:&quot;classic&quot;}\">\n\t\t\t\t<div class=\"elementor-element elementor-element-149c742 elementor-widget elementor-widget-spacer\" data-id=\"149c742\" data-element_type=\"widget\" data-e-type=\"widget\" data-widget_type=\"spacer.default\">\n\t\t\t\t<div class=\"elementor-widget-container\">\n\t\t\t\t\t\t\t<div class=\"elementor-spacer\">\n\t\t\t<div class=\"elementor-spacer-inner\"><\/div>\n\t\t<\/div>\n\t\t\t\t\t\t<\/div>\n\t\t\t\t<\/div>\n\t\t\t\t<div class=\"elementor-element elementor-element-1360279 elementor-widget elementor-widget-heading\" data-id=\"1360279\" data-element_type=\"widget\" data-e-type=\"widget\" data-widget_type=\"heading.default\">\n\t\t\t\t<div class=\"elementor-widget-container\">\n\t\t\t\t\t<h2 class=\"elementor-heading-title elementor-size-default\">C\u00f3cteles del Pac\u00edfico frente al mar<\/h2>\t\t\t\t<\/div>\n\t\t\t\t<\/div>\n\t\t\t\t<div class=\"elementor-element elementor-element-3e67867 elementor-widget__width-initial elementor-widget elementor-widget-text-editor\" data-id=\"3e67867\" data-element_type=\"widget\" data-e-type=\"widget\" data-widget_type=\"text-editor.default\">\n\t\t\t\t<div class=\"elementor-widget-container\">\n\t\t\t\t\t\t\t\t\t<p>En el bar de nuestro restaurante tambi\u00e9n ofrecemos bebidas alcoh\u00f3licas y no alcoh\u00f3licas, perfectas para disfrutar frente al mar. Adem\u00e1s, podr\u00e1s probar c\u00f3cteles preparados con viche, la bebida tradicional del Pac\u00edfico colombiano, elaborada a partir de la ca\u00f1a de az\u00facar y profundamente ligada a la cultura afro- pac\u00edfica de la regi\u00f3n.<\/p><p>Una forma aut\u00e9ntica de descubrir los sabores del Pac\u00edfico mientras disfrutas del ambiente natural de Madre Selva.<br \/>Prohibida la venta de bebidas alcoh\u00f3licas a menores de 18 a\u00f1os.<\/p>\t\t\t\t\t\t\t\t<\/div>\n\t\t\t\t<\/div>\n\t\t<div class=\"elementor-element elementor-element-29a1e18 e-flex e-con-boxed e-con e-child\" data-id=\"29a1e18\" data-element_type=\"container\" data-e-type=\"container\">\n\t\t\t\t\t<div class=\"e-con-inner\">\n\t\t\t\t<div class=\"elementor-element elementor-element-0b64b2e elementor-align-left elementor-widget elementor-widget-button\" data-id=\"0b64b2e\" data-element_type=\"widget\" data-e-type=\"widget\" data-widget_type=\"button.default\">\n\t\t\t\t<div class=\"elementor-widget-container\">\n\t\t\t\t\t\t\t\t\t<div class=\"elementor-button-wrapper\">\n\t\t\t\t\t<a class=\"elementor-button elementor-button-link elementor-size-sm elementor-animation-shrink\" href=\"https:\/\/wa.me\/573148869792\" target=\"_blank\">\n\t\t\t\t\t\t<span class=\"elementor-button-content-wrapper\">\n\t\t\t\t\t\t<span class=\"elementor-button-icon\">\n\t\t\t\t<svg aria-hidden=\"true\" class=\"e-font-icon-svg e-fas-caret-right\" viewbox=\"0 0 192 512\" xmlns=\"http:\/\/www.w3.org\/2000\/svg\"><path d=\"M0 384.662V127.338c0-17.818 21.543-26.741 34.142-14.142l128.662 128.662c7.81 7.81 7.81 20.474 0 28.284L34.142 398.804C21.543 411.404 0 402.48 0 384.662z\"><\/path><\/svg>\t\t\t<\/span>\n\t\t\t\t\t\t\t\t\t<span class=\"elementor-button-text\">cont\u00e1ctanos<\/span>\n\t\t\t\t\t<\/span>\n\t\t\t\t\t<\/a>\n\t\t\t\t<\/div>\n\t\t\t\t\t\t\t\t<\/div>\n\t\t\t\t<\/div>\n\t\t\t\t\t<\/div>\n\t\t\t\t<\/div>\n\t\t\t\t<div class=\"elementor-element elementor-element-a24519d elementor-widget elementor-widget-spacer\" data-id=\"a24519d\" data-element_type=\"widget\" data-e-type=\"widget\" data-widget_type=\"spacer.default\">\n\t\t\t\t<div class=\"elementor-widget-container\">\n\t\t\t\t\t\t\t<div class=\"elementor-spacer\">\n\t\t\t<div class=\"elementor-spacer-inner\"><\/div>\n\t\t<\/div>\n\t\t\t\t\t\t<\/div>\n\t\t\t\t<\/div>\n\t\t\t\t<\/div>\n\t\t\t\t<\/div>","protected":false},"excerpt":{"rendered":"<p>Sabores del Pac\u00edfico Colombiano En Madre Selva Eco Lodge creemos que la gastronom\u00eda es una forma de conectar con la esencia del Pac\u00edfico colombiano. Nuestra cocina refleja el respeto por la naturaleza, el valor de los ingredientes locales y la riqueza cultural del Choc\u00f3. Cada plato cuenta una historia del territorio. Trabajamos con productos frescos [&hellip;]<\/p>\n","protected":false},"author":1,"featured_media":0,"parent":0,"menu_order":0,"comment_status":"closed","ping_status":"closed","template":"","meta":{"_acf_changed":false,"footnotes":""},"class_list":["post-827","page","type-page","status-publish","hentry"],"acf":[],"_links":{"self":[{"href":"https:\/\/madreselvaecolodge.com\/en\/wp-json\/wp\/v2\/pages\/827","targetHints":{"allow":["GET"]}}],"collection":[{"href":"https:\/\/madreselvaecolodge.com\/en\/wp-json\/wp\/v2\/pages"}],"about":[{"href":"https:\/\/madreselvaecolodge.com\/en\/wp-json\/wp\/v2\/types\/page"}],"author":[{"embeddable":true,"href":"https:\/\/madreselvaecolodge.com\/en\/wp-json\/wp\/v2\/users\/1"}],"replies":[{"embeddable":true,"href":"https:\/\/madreselvaecolodge.com\/en\/wp-json\/wp\/v2\/comments?post=827"}],"version-history":[{"count":3,"href":"https:\/\/madreselvaecolodge.com\/en\/wp-json\/wp\/v2\/pages\/827\/revisions"}],"predecessor-version":[{"id":2614,"href":"https:\/\/madreselvaecolodge.com\/en\/wp-json\/wp\/v2\/pages\/827\/revisions\/2614"}],"wp:attachment":[{"href":"https:\/\/madreselvaecolodge.com\/en\/wp-json\/wp\/v2\/media?parent=827"}],"curies":[{"name":"wp","href":"https:\/\/api.w.org\/{rel}","templated":true}]}}